{"id":113,"date":"2025-12-10T23:22:31","date_gmt":"2025-12-10T23:22:31","guid":{"rendered":"http:\/\/localhost\/Rendez-vous\/?page_id=113"},"modified":"2026-03-08T02:30:19","modified_gmt":"2026-03-08T02:30:19","slug":"acceuil","status":"publish","type":"page","link":"https:\/\/guissette.com\/","title":{"rendered":"Acceuil"},"content":{"rendered":"\t\t<div data-elementor-type=\"wp-page\" data-elementor-id=\"113\" class=\"elementor elementor-113\" data-elementor-post-type=\"page\">\n\t\t\t\t<div class=\"elementor-element elementor-element-68b4bd2 e-flex e-con-boxed e-con e-parent\" data-id=\"68b4bd2\" data-element_type=\"container\">\n\t\t\t\t\t<div class=\"e-con-inner\">\n\t\t\t\t<div class=\"elementor-element elementor-element-f864581 elementor-widget elementor-widget-html\" data-id=\"f864581\" data-element_type=\"widget\" data-widget_type=\"html.default\">\n\t\t\t\t\t<img decoding=\"async\" \r\n  src=\"https:\/\/guissette.com\/wp-content\/uploads\/2026\/01\/profil-eos.jpeg\"\r\n  style=\"\r\n    display: block;\r\n    max-width: 90%;\r\n    height: auto;\r\n    margin: auto;\r\n  \"\r\n>\r\n\t\t\t\t<\/div>\n\t\t\t\t\t<\/div>\n\t\t\t\t<\/div>\n\t\t<div class=\"elementor-element elementor-element-1ccb693 e-flex e-con-boxed e-con e-parent\" data-id=\"1ccb693\" data-element_type=\"container\">\n\t\t\t\t\t<div class=\"e-con-inner\">\n\t\t\t\t<div class=\"elementor-element elementor-element-61920ad elementor-align-center elementor-widget__width-initial elementor-widget elementor-widget-button\" data-id=\"61920ad\" data-element_type=\"widget\" data-widget_type=\"button.default\">\n\t\t\t\t\t\t\t\t\t\t<a class=\"elementor-button elementor-button-link elementor-size-sm\" href=\"https:\/\/guissette.com\/?post_type=product\">\n\t\t\t\t\t\t<span class=\"elementor-button-content-wrapper\">\n\t\t\t\t\t\t\t\t\t<span class=\"elementor-button-text\">Decouvrir la boutique<\/span>\n\t\t\t\t\t<\/span>\n\t\t\t\t\t<\/a>\n\t\t\t\t\t\t\t\t<\/div>\n\t\t\t\t\t<\/div>\n\t\t\t\t<\/div>\n\t\t<div class=\"elementor-element elementor-element-0a3953a e-flex e-con-boxed e-con e-parent\" data-id=\"0a3953a\" data-element_type=\"container\">\n\t\t\t\t\t<div class=\"e-con-inner\">\n\t\t\t\t<div class=\"elementor-element elementor-element-8b30d68 elementor-widget elementor-widget-html\" data-id=\"8b30d68\" data-element_type=\"widget\" data-widget_type=\"html.default\">\n\t\t\t\t\t<style>\r\n.slider {\r\n  width: 100%;\r\n  max-width: 100%;\r\n  height: 250px;\r\n  overflow: hidden;\r\n}\r\n\r\n.slides {\r\n  display: flex;\r\n  width: max-content;\r\n  animation: scroll 10s linear infinite;\r\n}\r\n\r\n.slides img {\r\n  width: 400px;\r\n  height: 250px;\r\n  object-fit: cover;\r\n  flex-shrink: 0;\r\n}\r\n\r\n\/* Animation parfaitement continue *\/\r\n@keyframes scroll {\r\n  from {\r\n    transform: translateX(0);\r\n  }\r\n  to {\r\n    transform: translateX(-50%);\r\n  }\r\n}\r\n<\/style>\r\n\r\n<div class=\"slider\">\r\n  <div class=\"slides\">\r\n    <!-- GROUPE 1 -->\r\n    <img decoding=\"async\" src=\"https:\/\/guissette.com\/wp-content\/uploads\/2026\/01\/centella.jpeg\">\r\n    <img decoding=\"async\" src=\"https:\/\/guissette.com\/wp-content\/uploads\/2026\/01\/saltair.jpeg\">\r\n    <img decoding=\"async\" src=\"https:\/\/guissette.com\/wp-content\/uploads\/2026\/01\/Naturium.jpeg\">\r\n    <img decoding=\"async\" src=\"https:\/\/guissette.com\/wp-content\/uploads\/2026\/01\/kkkk.jpeg\">\r\n    <img decoding=\"async\" src=\"https:\/\/guissette.com\/wp-content\/uploads\/2026\/01\/eos.jpeg\">\r\n\r\n    <!-- GROUPE 2 (COPIE EXACTE) -->\r\n    <img decoding=\"async\" src=\"https:\/\/guissette.com\/wp-content\/uploads\/2026\/01\/centella.jpeg\">\r\n    <img decoding=\"async\" src=\"https:\/\/guissette.com\/wp-content\/uploads\/2026\/01\/saltair.jpeg\">\r\n    <img decoding=\"async\" src=\"https:\/\/guissette.com\/wp-content\/uploads\/2026\/01\/Naturium.jpeg\">\r\n    <img decoding=\"async\" src=\"https:\/\/guissette.com\/wp-content\/uploads\/2026\/01\/kkkk.jpeg\">\r\n    <img decoding=\"async\" src=\"https:\/\/guissette.com\/wp-content\/uploads\/2026\/01\/eos.jpeg\">\r\n  <\/div>\r\n<\/div>\r\n\t\t\t\t<\/div>\n\t\t\t\t\t<\/div>\n\t\t\t\t<\/div>\n\t\t<div class=\"elementor-element elementor-element-9b388a2 e-flex e-con-boxed e-con e-parent\" data-id=\"9b388a2\" data-element_type=\"container\">\n\t\t\t\t\t<div class=\"e-con-inner\">\n\t\t\t\t<div class=\"elementor-element elementor-element-4c7aff9 elementor-widget elementor-widget-text-editor\" data-id=\"4c7aff9\" data-element_type=\"widget\" data-widget_type=\"text-editor.default\">\n\t\t\t\t\t\t\t\t\t<p>Choisissez votre prestation, votre date et votre heure en quelques clics.<br data-start=\"2219\" data-end=\"2222\" \/>Paiement <strong data-start=\"2231\" data-end=\"2243\">en ligne<\/strong> s\u00e9curis\u00e9 ou <strong data-start=\"2256\" data-end=\"2269\">sur place<\/strong> selon votre pr\u00e9f\u00e9rence.<\/p>\t\t\t\t\t\t\t\t<\/div>\n\t\t\t\t<div class=\"elementor-element elementor-element-f33c5eb elementor-align-center elementor-widget__width-initial elementor-widget elementor-widget-button\" data-id=\"f33c5eb\" data-element_type=\"widget\" data-widget_type=\"button.default\">\n\t\t\t\t\t\t\t\t\t\t<a class=\"elementor-button elementor-button-link elementor-size-sm\" href=\"https:\/\/guissette.com\/?page_id=75\">\n\t\t\t\t\t\t<span class=\"elementor-button-content-wrapper\">\n\t\t\t\t\t\t\t\t\t<span class=\"elementor-button-text\">Decouvrir le salon<\/span>\n\t\t\t\t\t<\/span>\n\t\t\t\t\t<\/a>\n\t\t\t\t\t\t\t\t<\/div>\n\t\t\t\t\t<\/div>\n\t\t\t\t<\/div>\n\t\t<div class=\"elementor-element elementor-element-7840736 e-flex e-con-boxed e-con e-parent\" data-id=\"7840736\" data-element_type=\"container\">\n\t\t\t\t\t<div class=\"e-con-inner\">\n\t\t\t\t<div class=\"elementor-element elementor-element-a4f22e0 elementor-widget__width-initial elementor-widget elementor-widget-html\" data-id=\"a4f22e0\" data-element_type=\"widget\" data-widget_type=\"html.default\">\n\t\t\t\t\t<img decoding=\"async\" \r\n  src=\"https:\/\/guissette.com\/wp-content\/uploads\/2026\/01\/salonnnnn.jpeg\"\r\n  style=\"\r\n    display: block;\r\n    max-width: 90%;\r\n    height: auto;\r\n    margin: auto;\r\n  \"\r\n>\r\n\t\t\t\t<\/div>\n\t\t\t\t\t<\/div>\n\t\t\t\t<\/div>\n\t\t<div class=\"elementor-element elementor-element-6e78ed2 e-flex e-con-boxed e-con e-parent\" data-id=\"6e78ed2\" data-element_type=\"container\">\n\t\t\t\t\t<div class=\"e-con-inner\">\n\t\t\t\t\t<\/div>\n\t\t\t\t<\/div>\n\t\t\t\t<\/div>\n\t\t","protected":false},"excerpt":{"rendered":"<p>Decouvrir la boutique Choisissez votre prestation, votre date et votre heure en quelques clics.Paiement en ligne s\u00e9curis\u00e9 ou sur place selon votre pr\u00e9f\u00e9rence. Decouvrir le salon<\/p>\n","protected":false},"author":1,"featured_media":0,"parent":0,"menu_order":0,"comment_status":"closed","ping_status":"closed","template":"","meta":{"footnotes":""},"class_list":["post-113","page","type-page","status-publish","hentry"],"yoast_head":"<!-- This site is optimized with the Yoast SEO plugin v27.1.1 - https:\/\/yoast.com\/product\/yoast-seo-wordpress\/ -->\n<title>Acceuil - Cosmetics Shop<\/title>\n<meta name=\"robots\" content=\"index, follow, max-snippet:-1, max-image-preview:large, max-video-preview:-1\" \/>\n<link rel=\"canonical\" href=\"https:\/\/guissette.com\/\" \/>\n<meta property=\"og:locale\" content=\"fr_FR\" \/>\n<meta property=\"og:type\" content=\"article\" \/>\n<meta property=\"og:title\" content=\"Acceuil - Cosmetics Shop\" \/>\n<meta property=\"og:description\" content=\"Decouvrir la boutique Choisissez votre prestation, votre date et votre heure en quelques clics.Paiement en ligne s\u00e9curis\u00e9 ou sur place selon votre pr\u00e9f\u00e9rence. Decouvrir le salon\" \/>\n<meta property=\"og:url\" content=\"https:\/\/guissette.com\/\" \/>\n<meta property=\"og:site_name\" content=\"Cosmetics Shop\" \/>\n<meta property=\"article:modified_time\" content=\"2026-03-08T02:30:19+00:00\" \/>\n<meta property=\"og:image\" content=\"https:\/\/guissette.com\/wp-content\/uploads\/2026\/01\/profil-eos.jpeg\" \/>\n<meta name=\"twitter:card\" content=\"summary_large_image\" \/>\n<meta name=\"twitter:label1\" content=\"Dur\u00e9e de lecture estim\u00e9e\" \/>\n\t<meta name=\"twitter:data1\" content=\"3 minutes\" \/>\n<script type=\"application\/ld+json\" class=\"yoast-schema-graph\">{\"@context\":\"https:\/\/schema.org\",\"@graph\":[{\"@type\":\"WebPage\",\"@id\":\"https:\/\/guissette.com\/\",\"url\":\"https:\/\/guissette.com\/\",\"name\":\"Acceuil - Cosmetics Shop\",\"isPartOf\":{\"@id\":\"https:\/\/guissette.com\/#website\"},\"primaryImageOfPage\":{\"@id\":\"https:\/\/guissette.com\/#primaryimage\"},\"image\":{\"@id\":\"https:\/\/guissette.com\/#primaryimage\"},\"thumbnailUrl\":\"https:\/\/guissette.com\/wp-content\/uploads\/2026\/01\/profil-eos.jpeg\",\"datePublished\":\"2025-12-10T23:22:31+00:00\",\"dateModified\":\"2026-03-08T02:30:19+00:00\",\"breadcrumb\":{\"@id\":\"https:\/\/guissette.com\/#breadcrumb\"},\"inLanguage\":\"fr-FR\",\"potentialAction\":[{\"@type\":\"ReadAction\",\"target\":[\"https:\/\/guissette.com\/\"]}]},{\"@type\":\"ImageObject\",\"inLanguage\":\"fr-FR\",\"@id\":\"https:\/\/guissette.com\/#primaryimage\",\"url\":\"https:\/\/guissette.com\/wp-content\/uploads\/2026\/01\/profil-eos.jpeg\",\"contentUrl\":\"https:\/\/guissette.com\/wp-content\/uploads\/2026\/01\/profil-eos.jpeg\",\"width\":1024,\"height\":1280},{\"@type\":\"BreadcrumbList\",\"@id\":\"https:\/\/guissette.com\/#breadcrumb\",\"itemListElement\":[{\"@type\":\"ListItem\",\"position\":1,\"name\":\"Accueil\",\"item\":\"https:\/\/guissette.com\/\"},{\"@type\":\"ListItem\",\"position\":2,\"name\":\"Acceuil\"}]},{\"@type\":\"WebSite\",\"@id\":\"https:\/\/guissette.com\/#website\",\"url\":\"https:\/\/guissette.com\/\",\"name\":\"Sarakule\",\"description\":\"\",\"publisher\":{\"@id\":\"https:\/\/guissette.com\/#organization\"},\"potentialAction\":[{\"@type\":\"SearchAction\",\"target\":{\"@type\":\"EntryPoint\",\"urlTemplate\":\"https:\/\/guissette.com\/?s={search_term_string}\"},\"query-input\":{\"@type\":\"PropertyValueSpecification\",\"valueRequired\":true,\"valueName\":\"search_term_string\"}}],\"inLanguage\":\"fr-FR\"},{\"@type\":\"Organization\",\"@id\":\"https:\/\/guissette.com\/#organization\",\"name\":\"Cosmetics Shop\",\"url\":\"https:\/\/guissette.com\/\",\"logo\":{\"@type\":\"ImageObject\",\"inLanguage\":\"fr-FR\",\"@id\":\"https:\/\/guissette.com\/#\/schema\/logo\/image\/\",\"url\":\"https:\/\/guissette.com\/wp-content\/uploads\/2025\/12\/logo-guissette.jpeg\",\"contentUrl\":\"https:\/\/guissette.com\/wp-content\/uploads\/2025\/12\/logo-guissette.jpeg\",\"width\":810,\"height\":1080,\"caption\":\"Cosmetics Shop\"},\"image\":{\"@id\":\"https:\/\/guissette.com\/#\/schema\/logo\/image\/\"},\"sameAs\":[\"https:\/\/www.instagram.com\/sarakule?igsh=MTM4OG10NmJ1bzh6ag&utm_source=qr\",\"https:\/\/www.tiktok.com\/@sarakule1\"]}]}<\/script>\n<!-- \/ Yoast SEO plugin. -->","yoast_head_json":{"title":"Acceuil - Cosmetics Shop","robots":{"index":"index","follow":"follow","max-snippet":"max-snippet:-1","max-image-preview":"max-image-preview:large","max-video-preview":"max-video-preview:-1"},"canonical":"https:\/\/guissette.com\/","og_locale":"fr_FR","og_type":"article","og_title":"Acceuil - Cosmetics Shop","og_description":"Decouvrir la boutique Choisissez votre prestation, votre date et votre heure en quelques clics.Paiement en ligne s\u00e9curis\u00e9 ou sur place selon votre pr\u00e9f\u00e9rence. Decouvrir le salon","og_url":"https:\/\/guissette.com\/","og_site_name":"Cosmetics Shop","article_modified_time":"2026-03-08T02:30:19+00:00","og_image":[{"url":"https:\/\/guissette.com\/wp-content\/uploads\/2026\/01\/profil-eos.jpeg","type":"","width":"","height":""}],"twitter_card":"summary_large_image","twitter_misc":{"Dur\u00e9e de lecture estim\u00e9e":"3 minutes"},"schema":{"@context":"https:\/\/schema.org","@graph":[{"@type":"WebPage","@id":"https:\/\/guissette.com\/","url":"https:\/\/guissette.com\/","name":"Acceuil - Cosmetics Shop","isPartOf":{"@id":"https:\/\/guissette.com\/#website"},"primaryImageOfPage":{"@id":"https:\/\/guissette.com\/#primaryimage"},"image":{"@id":"https:\/\/guissette.com\/#primaryimage"},"thumbnailUrl":"https:\/\/guissette.com\/wp-content\/uploads\/2026\/01\/profil-eos.jpeg","datePublished":"2025-12-10T23:22:31+00:00","dateModified":"2026-03-08T02:30:19+00:00","breadcrumb":{"@id":"https:\/\/guissette.com\/#breadcrumb"},"inLanguage":"fr-FR","potentialAction":[{"@type":"ReadAction","target":["https:\/\/guissette.com\/"]}]},{"@type":"ImageObject","inLanguage":"fr-FR","@id":"https:\/\/guissette.com\/#primaryimage","url":"https:\/\/guissette.com\/wp-content\/uploads\/2026\/01\/profil-eos.jpeg","contentUrl":"https:\/\/guissette.com\/wp-content\/uploads\/2026\/01\/profil-eos.jpeg","width":1024,"height":1280},{"@type":"BreadcrumbList","@id":"https:\/\/guissette.com\/#breadcrumb","itemListElement":[{"@type":"ListItem","position":1,"name":"Accueil","item":"https:\/\/guissette.com\/"},{"@type":"ListItem","position":2,"name":"Acceuil"}]},{"@type":"WebSite","@id":"https:\/\/guissette.com\/#website","url":"https:\/\/guissette.com\/","name":"Sarakule","description":"","publisher":{"@id":"https:\/\/guissette.com\/#organization"},"potentialAction":[{"@type":"SearchAction","target":{"@type":"EntryPoint","urlTemplate":"https:\/\/guissette.com\/?s={search_term_string}"},"query-input":{"@type":"PropertyValueSpecification","valueRequired":true,"valueName":"search_term_string"}}],"inLanguage":"fr-FR"},{"@type":"Organization","@id":"https:\/\/guissette.com\/#organization","name":"Cosmetics Shop","url":"https:\/\/guissette.com\/","logo":{"@type":"ImageObject","inLanguage":"fr-FR","@id":"https:\/\/guissette.com\/#\/schema\/logo\/image\/","url":"https:\/\/guissette.com\/wp-content\/uploads\/2025\/12\/logo-guissette.jpeg","contentUrl":"https:\/\/guissette.com\/wp-content\/uploads\/2025\/12\/logo-guissette.jpeg","width":810,"height":1080,"caption":"Cosmetics Shop"},"image":{"@id":"https:\/\/guissette.com\/#\/schema\/logo\/image\/"},"sameAs":["https:\/\/www.instagram.com\/sarakule?igsh=MTM4OG10NmJ1bzh6ag&utm_source=qr","https:\/\/www.tiktok.com\/@sarakule1"]}]}},"_links":{"self":[{"href":"https:\/\/guissette.com\/index.php?rest_route=\/wp\/v2\/pages\/113","targetHints":{"allow":["GET"]}}],"collection":[{"href":"https:\/\/guissette.com\/index.php?rest_route=\/wp\/v2\/pages"}],"about":[{"href":"https:\/\/guissette.com\/index.php?rest_route=\/wp\/v2\/types\/page"}],"author":[{"embeddable":true,"href":"https:\/\/guissette.com\/index.php?rest_route=\/wp\/v2\/users\/1"}],"replies":[{"embeddable":true,"href":"https:\/\/guissette.com\/index.php?rest_route=%2Fwp%2Fv2%2Fcomments&post=113"}],"version-history":[{"count":184,"href":"https:\/\/guissette.com\/index.php?rest_route=\/wp\/v2\/pages\/113\/revisions"}],"predecessor-version":[{"id":958,"href":"https:\/\/guissette.com\/index.php?rest_route=\/wp\/v2\/pages\/113\/revisions\/958"}],"wp:attachment":[{"href":"https:\/\/guissette.com\/index.php?rest_route=%2Fwp%2Fv2%2Fmedia&parent=113"}],"curies":[{"name":"wp","href":"https:\/\/api.w.org\/{rel}","templated":true}]}}