{"id":909,"date":"2026-03-07T22:28:41","date_gmt":"2026-03-07T22:28:41","guid":{"rendered":"https:\/\/guissette.com\/?post_type=product&#038;p=909"},"modified":"2026-03-07T22:28:42","modified_gmt":"2026-03-07T22:28:42","slug":"dr-althea-345-relief-cream","status":"publish","type":"product","link":"https:\/\/guissette.com\/?product=dr-althea-345-relief-cream","title":{"rendered":"dr althea 345 relief cream"},"content":{"rendered":"<p><!--StartFragment --><\/p>\n<p>La <strong>345 Relief Cream<\/strong> de la gamme <strong>PRO LAB<\/strong> par Dr. Althea est une formule dermatologiquement test\u00e9e qui associe efficacit\u00e9 clinique et douceur. Con\u00e7ue pour convenir \u00e0 toutes les peaux, elle offre un soin complet gr\u00e2ce \u00e0 ses 3 axes d\u2019action :<\/p>\n<ul>\n<li><strong>Soin fondamental<\/strong> : Niacinamide, Panthenol et Hibiscus Sabdariffa pour renforcer la barri\u00e8re cutan\u00e9e et am\u00e9liorer l\u2019\u00e9clat.<\/li>\n<li><strong>Hydratation &amp; nutrition<\/strong> : Opuntia Ficus-Indica, Acide Hyaluronique hydrolys\u00e9, Centella Asiatica et C\u00e9ramide NP pour une peau souple et intens\u00e9ment hydrat\u00e9e.<\/li>\n<li><strong>Apaisement<\/strong> : Asiaticoside, Acide Asiatique, Madecassique, Lavande et extrait de Centella pour calmer les irritations et r\u00e9duire les rougeurs.<\/li>\n<\/ul>\n<p>Sa texture l\u00e9g\u00e8re p\u00e9n\u00e8tre rapidement, laissant la peau apais\u00e9e, nourrie et prot\u00e9g\u00e9e au quotidien.<\/p>\n<p><!--EndFragment --><\/p>\n","protected":false},"excerpt":{"rendered":"<p>Cr\u00e8me apaisante et hydratante, formul\u00e9e sans parfum artificiel, pour tous types de peaux.<\/p>\n","protected":false},"featured_media":912,"comment_status":"open","ping_status":"closed","template":"","meta":[],"product_brand":[],"product_cat":[38],"product_tag":[],"class_list":{"0":"post-909","1":"product","2":"type-product","3":"status-publish","4":"has-post-thumbnail","6":"product_cat-les-produits-cooreens","8":"first","9":"instock","10":"purchasable","11":"product-type-simple"},"yoast_head":"<!-- This site is optimized with the Yoast SEO plugin v27.1.1 - https:\/\/yoast.com\/product\/yoast-seo-wordpress\/ -->\n<title>dr althea 345 relief cream - Cosmetics Shop<\/title>\n<meta name=\"robots\" content=\"index, follow, max-snippet:-1, max-image-preview:large, max-video-preview:-1\" \/>\n<link rel=\"canonical\" href=\"https:\/\/guissette.com\/?product=dr-althea-345-relief-cream\" \/>\n<meta property=\"og:locale\" content=\"fr_FR\" \/>\n<meta property=\"og:type\" content=\"article\" \/>\n<meta property=\"og:title\" content=\"dr althea 345 relief cream - Cosmetics Shop\" \/>\n<meta property=\"og:description\" content=\"Cr\u00e8me apaisante et hydratante, formul\u00e9e sans parfum artificiel, pour tous types de peaux.\" \/>\n<meta property=\"og:url\" content=\"https:\/\/guissette.com\/?product=dr-althea-345-relief-cream\" \/>\n<meta property=\"og:site_name\" content=\"Cosmetics Shop\" \/>\n<meta property=\"article:modified_time\" content=\"2026-03-07T22:28:42+00:00\" \/>\n<meta property=\"og:image\" content=\"https:\/\/guissette.com\/wp-content\/uploads\/2026\/03\/althea.jpeg\" \/>\n\t<meta property=\"og:image:width\" content=\"1200\" \/>\n\t<meta property=\"og:image:height\" content=\"1200\" \/>\n\t<meta property=\"og:image:type\" content=\"image\/jpeg\" \/>\n<meta name=\"twitter:card\" content=\"summary_large_image\" \/>\n<meta name=\"twitter:label1\" content=\"Dur\u00e9e de lecture estim\u00e9e\" \/>\n\t<meta name=\"twitter:data1\" content=\"1 minute\" \/>\n<script type=\"application\/ld+json\" class=\"yoast-schema-graph\">{\"@context\":\"https:\/\/schema.org\",\"@graph\":[{\"@type\":\"WebPage\",\"@id\":\"https:\/\/guissette.com\/?product=dr-althea-345-relief-cream\",\"url\":\"https:\/\/guissette.com\/?product=dr-althea-345-relief-cream\",\"name\":\"dr althea 345 relief cream - Cosmetics Shop\",\"isPartOf\":{\"@id\":\"https:\/\/guissette.com\/#website\"},\"primaryImageOfPage\":{\"@id\":\"https:\/\/guissette.com\/?product=dr-althea-345-relief-cream#primaryimage\"},\"image\":{\"@id\":\"https:\/\/guissette.com\/?product=dr-althea-345-relief-cream#primaryimage\"},\"thumbnailUrl\":\"https:\/\/guissette.com\/wp-content\/uploads\/2026\/03\/althea.jpeg\",\"datePublished\":\"2026-03-07T22:28:41+00:00\",\"dateModified\":\"2026-03-07T22:28:42+00:00\",\"breadcrumb\":{\"@id\":\"https:\/\/guissette.com\/?product=dr-althea-345-relief-cream#breadcrumb\"},\"inLanguage\":\"fr-FR\",\"potentialAction\":[{\"@type\":\"ReadAction\",\"target\":[\"https:\/\/guissette.com\/?product=dr-althea-345-relief-cream\"]}]},{\"@type\":\"ImageObject\",\"inLanguage\":\"fr-FR\",\"@id\":\"https:\/\/guissette.com\/?product=dr-althea-345-relief-cream#primaryimage\",\"url\":\"https:\/\/guissette.com\/wp-content\/uploads\/2026\/03\/althea.jpeg\",\"contentUrl\":\"https:\/\/guissette.com\/wp-content\/uploads\/2026\/03\/althea.jpeg\",\"width\":1200,\"height\":1200},{\"@type\":\"BreadcrumbList\",\"@id\":\"https:\/\/guissette.com\/?product=dr-althea-345-relief-cream#breadcrumb\",\"itemListElement\":[{\"@type\":\"ListItem\",\"position\":1,\"name\":\"Accueil\",\"item\":\"https:\/\/guissette.com\/\"},{\"@type\":\"ListItem\",\"position\":2,\"name\":\"Boutique\",\"item\":\"https:\/\/guissette.com\/?page_id=10\"},{\"@type\":\"ListItem\",\"position\":3,\"name\":\"dr althea 345 relief cream\"}]},{\"@type\":\"WebSite\",\"@id\":\"https:\/\/guissette.com\/#website\",\"url\":\"https:\/\/guissette.com\/\",\"name\":\"Sarakule\",\"description\":\"\",\"publisher\":{\"@id\":\"https:\/\/guissette.com\/#organization\"},\"potentialAction\":[{\"@type\":\"SearchAction\",\"target\":{\"@type\":\"EntryPoint\",\"urlTemplate\":\"https:\/\/guissette.com\/?s={search_term_string}\"},\"query-input\":{\"@type\":\"PropertyValueSpecification\",\"valueRequired\":true,\"valueName\":\"search_term_string\"}}],\"inLanguage\":\"fr-FR\"},{\"@type\":\"Organization\",\"@id\":\"https:\/\/guissette.com\/#organization\",\"name\":\"Cosmetics Shop\",\"url\":\"https:\/\/guissette.com\/\",\"logo\":{\"@type\":\"ImageObject\",\"inLanguage\":\"fr-FR\",\"@id\":\"https:\/\/guissette.com\/#\/schema\/logo\/image\/\",\"url\":\"https:\/\/guissette.com\/wp-content\/uploads\/2025\/12\/logo-guissette.jpeg\",\"contentUrl\":\"https:\/\/guissette.com\/wp-content\/uploads\/2025\/12\/logo-guissette.jpeg\",\"width\":810,\"height\":1080,\"caption\":\"Cosmetics Shop\"},\"image\":{\"@id\":\"https:\/\/guissette.com\/#\/schema\/logo\/image\/\"},\"sameAs\":[\"https:\/\/www.instagram.com\/sarakule?igsh=MTM4OG10NmJ1bzh6ag&utm_source=qr\",\"https:\/\/www.tiktok.com\/@sarakule1\"]}]}<\/script>\n<!-- \/ Yoast SEO plugin. -->","yoast_head_json":{"title":"dr althea 345 relief cream - Cosmetics Shop","robots":{"index":"index","follow":"follow","max-snippet":"max-snippet:-1","max-image-preview":"max-image-preview:large","max-video-preview":"max-video-preview:-1"},"canonical":"https:\/\/guissette.com\/?product=dr-althea-345-relief-cream","og_locale":"fr_FR","og_type":"article","og_title":"dr althea 345 relief cream - Cosmetics Shop","og_description":"Cr\u00e8me apaisante et hydratante, formul\u00e9e sans parfum artificiel, pour tous types de peaux.","og_url":"https:\/\/guissette.com\/?product=dr-althea-345-relief-cream","og_site_name":"Cosmetics Shop","article_modified_time":"2026-03-07T22:28:42+00:00","og_image":[{"width":1200,"height":1200,"url":"https:\/\/guissette.com\/wp-content\/uploads\/2026\/03\/althea.jpeg","type":"image\/jpeg"}],"twitter_card":"summary_large_image","twitter_misc":{"Dur\u00e9e de lecture estim\u00e9e":"1 minute"},"schema":{"@context":"https:\/\/schema.org","@graph":[{"@type":"WebPage","@id":"https:\/\/guissette.com\/?product=dr-althea-345-relief-cream","url":"https:\/\/guissette.com\/?product=dr-althea-345-relief-cream","name":"dr althea 345 relief cream - Cosmetics Shop","isPartOf":{"@id":"https:\/\/guissette.com\/#website"},"primaryImageOfPage":{"@id":"https:\/\/guissette.com\/?product=dr-althea-345-relief-cream#primaryimage"},"image":{"@id":"https:\/\/guissette.com\/?product=dr-althea-345-relief-cream#primaryimage"},"thumbnailUrl":"https:\/\/guissette.com\/wp-content\/uploads\/2026\/03\/althea.jpeg","datePublished":"2026-03-07T22:28:41+00:00","dateModified":"2026-03-07T22:28:42+00:00","breadcrumb":{"@id":"https:\/\/guissette.com\/?product=dr-althea-345-relief-cream#breadcrumb"},"inLanguage":"fr-FR","potentialAction":[{"@type":"ReadAction","target":["https:\/\/guissette.com\/?product=dr-althea-345-relief-cream"]}]},{"@type":"ImageObject","inLanguage":"fr-FR","@id":"https:\/\/guissette.com\/?product=dr-althea-345-relief-cream#primaryimage","url":"https:\/\/guissette.com\/wp-content\/uploads\/2026\/03\/althea.jpeg","contentUrl":"https:\/\/guissette.com\/wp-content\/uploads\/2026\/03\/althea.jpeg","width":1200,"height":1200},{"@type":"BreadcrumbList","@id":"https:\/\/guissette.com\/?product=dr-althea-345-relief-cream#breadcrumb","itemListElement":[{"@type":"ListItem","position":1,"name":"Accueil","item":"https:\/\/guissette.com\/"},{"@type":"ListItem","position":2,"name":"Boutique","item":"https:\/\/guissette.com\/?page_id=10"},{"@type":"ListItem","position":3,"name":"dr althea 345 relief cream"}]},{"@type":"WebSite","@id":"https:\/\/guissette.com\/#website","url":"https:\/\/guissette.com\/","name":"Sarakule","description":"","publisher":{"@id":"https:\/\/guissette.com\/#organization"},"potentialAction":[{"@type":"SearchAction","target":{"@type":"EntryPoint","urlTemplate":"https:\/\/guissette.com\/?s={search_term_string}"},"query-input":{"@type":"PropertyValueSpecification","valueRequired":true,"valueName":"search_term_string"}}],"inLanguage":"fr-FR"},{"@type":"Organization","@id":"https:\/\/guissette.com\/#organization","name":"Cosmetics Shop","url":"https:\/\/guissette.com\/","logo":{"@type":"ImageObject","inLanguage":"fr-FR","@id":"https:\/\/guissette.com\/#\/schema\/logo\/image\/","url":"https:\/\/guissette.com\/wp-content\/uploads\/2025\/12\/logo-guissette.jpeg","contentUrl":"https:\/\/guissette.com\/wp-content\/uploads\/2025\/12\/logo-guissette.jpeg","width":810,"height":1080,"caption":"Cosmetics Shop"},"image":{"@id":"https:\/\/guissette.com\/#\/schema\/logo\/image\/"},"sameAs":["https:\/\/www.instagram.com\/sarakule?igsh=MTM4OG10NmJ1bzh6ag&utm_source=qr","https:\/\/www.tiktok.com\/@sarakule1"]}]}},"_links":{"self":[{"href":"https:\/\/guissette.com\/index.php?rest_route=\/wp\/v2\/product\/909","targetHints":{"allow":["GET"]}}],"collection":[{"href":"https:\/\/guissette.com\/index.php?rest_route=\/wp\/v2\/product"}],"about":[{"href":"https:\/\/guissette.com\/index.php?rest_route=\/wp\/v2\/types\/product"}],"replies":[{"embeddable":true,"href":"https:\/\/guissette.com\/index.php?rest_route=%2Fwp%2Fv2%2Fcomments&post=909"}],"wp:featuredmedia":[{"embeddable":true,"href":"https:\/\/guissette.com\/index.php?rest_route=\/wp\/v2\/media\/912"}],"wp:attachment":[{"href":"https:\/\/guissette.com\/index.php?rest_route=%2Fwp%2Fv2%2Fmedia&parent=909"}],"wp:term":[{"taxonomy":"product_brand","embeddable":true,"href":"https:\/\/guissette.com\/index.php?rest_route=%2Fwp%2Fv2%2Fproduct_brand&post=909"},{"taxonomy":"product_cat","embeddable":true,"href":"https:\/\/guissette.com\/index.php?rest_route=%2Fwp%2Fv2%2Fproduct_cat&post=909"},{"taxonomy":"product_tag","embeddable":true,"href":"https:\/\/guissette.com\/index.php?rest_route=%2Fwp%2Fv2%2Fproduct_tag&post=909"}],"curies":[{"name":"wp","href":"https:\/\/api.w.org\/{rel}","templated":true}]}}